{"id":2,"date":"2016-05-10T03:48:21","date_gmt":"2016-05-10T03:48:21","guid":{"rendered":"http:\/\/axa-alaaf.de\/?page_id=2"},"modified":"2024-11-15T14:45:23","modified_gmt":"2024-11-15T14:45:23","slug":"sample-page","status":"publish","type":"page","link":"http:\/\/axa-alaaf.de\/?page_id=2","title":{"rendered":"\u00dcber AXA \/ Alaaf e.V."},"content":{"rendered":"<p>AXA \/ Alaaf e.V. ist ein junger Karnevalsverein, der von AXA Mitarbeitern in K\u00f6ln 2016 gegr\u00fcndet wurde. Als gemeinn\u00fctziger Verein haben wir uns der Brauchtumspflege rund um den K\u00f6lner Karneval verschrieben. Wir sind ein offener und diverser Verein von AXA-Mitarbeitern, Angeh\u00f6rigen und Freunden. Nat\u00fcrlich besteht eine Verbindung zum Unternehmen, welches den Vereinsnamen ziert, diese wird u.a. im Vereinsbeirat durch unsere beiden Beir\u00e4te Stephanie Peterson (Chief Customer Officer) und Achim Dahlbokum (Chief Information Officer) des Konzerns sichergestellt.<\/p>\n<p>Die Wurzeln der AXA Konzern AG (seit 1997) gehen auf die Colonia AG (1962) und auf die Rheinische Feuerversicherung (1839) zur\u00fcck. Also ist K\u00f6ln Heimat f\u00fcr AXA und seine Mitarbeiter. Der Karneval hat ebenfalls eine lange Tradition, die gro\u00dfe Fastelovend Party am Standort in Holweide wird seit 34 Jahren gefeiert.<\/p>\n<p>Wir haben es uns zur Aufgabe gemacht, K\u00f6lner Karneval, K\u00f6lner Geschichte und rheinisches Brauchtum zu pflegen und zu f\u00f6rdern. In regelm\u00e4\u00dfigen Abst\u00e4nden veranstalten wir daher Stadtf\u00fchrungen, Vortr\u00e4ge und Parties. Parties gibt es derzeit drei: Zum Sessionsbeginn am 11.11. haben wir eine Party als \u201eAfterwork\u201c auf dem Campus organisiert und gemeinsam mit ca. 85 G\u00e4sten die neue Session begr\u00fc\u00dft. Wir freuen uns, am <b>04.01.2025<\/b> zum sechsten Mal auf unsere <b>Kost\u00fcmparty<\/b> im Stapelhaus mit Newcomer- und bereits etablierten K\u00f6lner Live-Bands wie den R\u00e4ubern. Sessionsh\u00f6hepunkt wird dann die gro\u00dfe Fastelovendfeier mit \u00fcber 3.333 G\u00e4sten am Standort der AXA Hauptverwaltung in Holweide, deren k\u00fcnstlerische Gestaltung wir seit 2019 gemeinsam mit Peter Lautenschl\u00e4ger, unserem Literaten, organisieren d\u00fcrfen.<\/p>\n<p><b>Tickets f\u00fcr die Party sind <a href=\"https:\/\/www.eventim-light.com\/de\/a\/610c1426dbbcf8200f41dd10\/e\/66df047384361e3e2c327d0a\">hier<\/a> erh\u00e4ltlich.<\/b><\/p>\n<p>Den Vereinsvorstand bilden:<\/p>\n<p>\u2013 Anja Flemming (Pr\u00e4sidentin)<\/p>\n<p>\u2013 Sylvia Abbari (Schatzmeisterin)<\/p>\n<p>\u2013 Thomas Krauth\u00e4user (Schriftf\u00fchrer)<\/p>\n","protected":false},"excerpt":{"rendered":"<p>AXA \/ Alaaf e.V. ist ein junger Karnevalsverein, der von AXA Mitarbeitern in K\u00f6ln 2016 gegr\u00fcndet wurde. Als gemeinn\u00fctziger Verein haben wir uns der Brauchtumspflege rund um den K\u00f6lner Karneval verschrieben. Wir sind ein offener und diverser Verein von AXA-Mitarbeitern,&#8230;<\/p>\n","protected":false},"author":1,"featured_media":0,"parent":0,"menu_order":0,"comment_status":"closed","ping_status":"open","template":"","meta":{"footnotes":""},"class_list":["post-2","page","type-page","status-publish","hentry"],"_links":{"self":[{"href":"http:\/\/axa-alaaf.de\/index.php?rest_route=\/wp\/v2\/pages\/2","targetHints":{"allow":["GET"]}}],"collection":[{"href":"http:\/\/axa-alaaf.de\/index.php?rest_route=\/wp\/v2\/pages"}],"about":[{"href":"http:\/\/axa-alaaf.de\/index.php?rest_route=\/wp\/v2\/types\/page"}],"author":[{"embeddable":true,"href":"http:\/\/axa-alaaf.de\/index.php?rest_route=\/wp\/v2\/users\/1"}],"replies":[{"embeddable":true,"href":"http:\/\/axa-alaaf.de\/index.php?rest_route=%2Fwp%2Fv2%2Fcomments&post=2"}],"version-history":[{"count":5,"href":"http:\/\/axa-alaaf.de\/index.php?rest_route=\/wp\/v2\/pages\/2\/revisions"}],"predecessor-version":[{"id":94,"href":"http:\/\/axa-alaaf.de\/index.php?rest_route=\/wp\/v2\/pages\/2\/revisions\/94"}],"wp:attachment":[{"href":"http:\/\/axa-alaaf.de\/index.php?rest_route=%2Fwp%2Fv2%2Fmedia&parent=2"}],"curies":[{"name":"wp","href":"https:\/\/api.w.org\/{rel}","templated":true}]}}